{"id":2948,"date":"2018-05-24T21:20:15","date_gmt":"2018-05-24T19:20:15","guid":{"rendered":"https:\/\/dev.galeriespringmann.de\/?page_id=2948"},"modified":"2023-04-26T14:00:04","modified_gmt":"2023-04-26T12:00:04","slug":"impressum","status":"publish","type":"page","link":"https:\/\/galeriespringmann.de\/de\/impressum\/","title":{"rendered":"Impressum"},"content":{"rendered":"<p>Betreiber dieser Website:<\/p>\n<p>Agentur 46 GmbH<\/p>\n<p>Inhaber und gesch\u00e4ftsf\u00fchrender Gesellschafter: Henrik Springmann<\/p>\n<p>Firmensitz: Frankfurter Allee 16, 10247 Berlin, Deutschland<br \/>\nKontakt: info@agentur46.com<\/p>\n<p>USt ID\u00a0DE 297408885<\/p>\n<p>Amtsgericht Berlin Charlottenburg HRB 251858 B<\/p>\n<p><strong>Inhaltlich Verantwortlicher gem\u00e4\u00df \u00a7 5 Telemediengesetz:\u00a0<\/strong><br \/>\nAgentur46 GmbH, Henrik Springmann (Inhaber)<\/p>\n<p>Die auf dieser Website abgebildeten Kunstwerke, Photographien, Texte, Graphiken, Sounds, Animationen und Videos unterliegen dem Schutz des Urheberrechts der entsprechenden Inhaber. Die entsprechend gesch\u00fctzten Inhalte dieser Website d\u00fcrfen daher ohne vorherige schriftliche Zustimmung der Urheber insbesondere nicht zu kommerziellen Zwecken vervielf\u00e4ltigt und verbreitet werden.<\/p>\n<p>Alle Informationen dienen ausschlie\u00dflich zur Information der Besucher der Website. F\u00fcr die Richtigkeit, Vollst\u00e4ndigkeit und Aktualit\u00e4t \u00fcbernehmen die Agentur46 GmbH \/ die Galerie Springmann keine Haftung.<\/p>\n<p>Trotz sorgf\u00e4ltiger, inhaltlicher Kontrolle \u00fcbernimmt die Agentur46 GmbH\/Galerie Springmann ferner keine Haftung f\u00fcr die Inhalte externer Links. F\u00fcr den Inhalt der verlinkten Seiten sind ausschlie\u00dflich deren Betreiber verantwortlich.<\/p>\n<p>Des Weiteren kann der Internetauftritt der Agentur46 GmbH\/Galerie Springmann ohne unsere Kenntnis von einer anderen Seite mittels Hyperlink verlinkt worden sein. Die Agentur46 GmbH\/Galerie Springmann \u00fcbernimmt keine Verantwortung f\u00fcr Darstellung, Inhalt oder Verbindung zur Agentur46 GmbH\/Galerie Springmann in Websites Dritter.<\/p>\n<p>Gerichtsstand ist Berlin.<\/p>\n","protected":false},"excerpt":{"rendered":"<p>Betreiber dieser Website: Agentur 46 GmbH Inhaber und gesch\u00e4ftsf\u00fchrender Gesellschafter: Henrik Springmann Firmensitz: Frankfurter Allee 16, 10247 Berlin, Deutschland Kontakt: info@agentur46.com USt ID\u00a0DE 297408885 Amtsgericht Berlin Charlottenburg HRB 251858 B Inhaltlich Verantwortlicher gem\u00e4\u00df \u00a7 5 Telemediengesetz:\u00a0 Agentur46 GmbH, Henrik Springmann (Inhaber) Die auf dieser Website abgebildeten Kunstwerke, Photographien, Texte, Graphiken, Sounds, Animationen und Videos unterliegen [&hellip;]<\/p>\n","protected":false},"author":1,"featured_media":0,"parent":0,"menu_order":10,"comment_status":"closed","ping_status":"closed","template":"page-newsletter.php","meta":{"_acf_changed":false,"inline_featured_image":false,"footnotes":""},"class_list":["post-2948","page","type-page","status-publish","hentry"],"acf":[],"yoast_head":"<!-- This site is optimized with the Yoast SEO plugin v27.4 - https:\/\/yoast.com\/product\/yoast-seo-wordpress\/ -->\n<title>Impressum - SPRINGMANN<\/title>\n<meta name=\"robots\" content=\"index, follow, max-snippet:-1, max-image-preview:large, max-video-preview:-1\" \/>\n<link rel=\"canonical\" href=\"https:\/\/galeriespringmann.de\/de\/impressum\/\" \/>\n<meta property=\"og:locale\" content=\"de_DE\" \/>\n<meta property=\"og:type\" content=\"article\" \/>\n<meta property=\"og:title\" content=\"Impressum - SPRINGMANN\" \/>\n<meta property=\"og:description\" content=\"Betreiber dieser Website: Agentur 46 GmbH Inhaber und gesch\u00e4ftsf\u00fchrender Gesellschafter: Henrik Springmann Firmensitz: Frankfurter Allee 16, 10247 Berlin, Deutschland Kontakt: info@agentur46.com USt ID\u00a0DE 297408885 Amtsgericht Berlin Charlottenburg HRB 251858 B Inhaltlich Verantwortlicher gem\u00e4\u00df \u00a7 5 Telemediengesetz:\u00a0 Agentur46 GmbH, Henrik Springmann (Inhaber) Die auf dieser Website abgebildeten Kunstwerke, Photographien, Texte, Graphiken, Sounds, Animationen und Videos unterliegen [&hellip;]\" \/>\n<meta property=\"og:url\" content=\"https:\/\/galeriespringmann.de\/de\/impressum\/\" \/>\n<meta property=\"og:site_name\" content=\"SPRINGMANN\" \/>\n<meta property=\"article:modified_time\" content=\"2023-04-26T12:00:04+00:00\" \/>\n<meta name=\"twitter:card\" content=\"summary_large_image\" \/>\n<meta name=\"twitter:label1\" content=\"Gesch\u00e4tzte Lesezeit\" \/>\n\t<meta name=\"twitter:data1\" content=\"1\u00a0Minute\" \/>\n<script type=\"application\/ld+json\" class=\"yoast-schema-graph\">{\"@context\":\"https:\\\/\\\/schema.org\",\"@graph\":[{\"@type\":\"WebPage\",\"@id\":\"https:\\\/\\\/galeriespringmann.de\\\/de\\\/impressum\\\/\",\"url\":\"https:\\\/\\\/galeriespringmann.de\\\/de\\\/impressum\\\/\",\"name\":\"Impressum - SPRINGMANN\",\"isPartOf\":{\"@id\":\"https:\\\/\\\/galeriespringmann.de\\\/de\\\/#website\"},\"datePublished\":\"2018-05-24T19:20:15+00:00\",\"dateModified\":\"2023-04-26T12:00:04+00:00\",\"breadcrumb\":{\"@id\":\"https:\\\/\\\/galeriespringmann.de\\\/de\\\/impressum\\\/#breadcrumb\"},\"inLanguage\":\"de\",\"potentialAction\":[{\"@type\":\"ReadAction\",\"target\":[\"https:\\\/\\\/galeriespringmann.de\\\/de\\\/impressum\\\/\"]}]},{\"@type\":\"BreadcrumbList\",\"@id\":\"https:\\\/\\\/galeriespringmann.de\\\/de\\\/impressum\\\/#breadcrumb\",\"itemListElement\":[{\"@type\":\"ListItem\",\"position\":1,\"name\":\"Startseite\",\"item\":\"https:\\\/\\\/galeriespringmann.de\\\/de\\\/\"},{\"@type\":\"ListItem\",\"position\":2,\"name\":\"Impressum\"}]},{\"@type\":\"WebSite\",\"@id\":\"https:\\\/\\\/galeriespringmann.de\\\/de\\\/#website\",\"url\":\"https:\\\/\\\/galeriespringmann.de\\\/de\\\/\",\"name\":\"SPRINGMANN\",\"description\":\"contemporary art pop culture\",\"potentialAction\":[{\"@type\":\"SearchAction\",\"target\":{\"@type\":\"EntryPoint\",\"urlTemplate\":\"https:\\\/\\\/galeriespringmann.de\\\/de\\\/?s={search_term_string}\"},\"query-input\":{\"@type\":\"PropertyValueSpecification\",\"valueRequired\":true,\"valueName\":\"search_term_string\"}}],\"inLanguage\":\"de\"}]}<\/script>\n<!-- \/ Yoast SEO plugin. -->","yoast_head_json":{"title":"Impressum - SPRINGMANN","robots":{"index":"index","follow":"follow","max-snippet":"max-snippet:-1","max-image-preview":"max-image-preview:large","max-video-preview":"max-video-preview:-1"},"canonical":"https:\/\/galeriespringmann.de\/de\/impressum\/","og_locale":"de_DE","og_type":"article","og_title":"Impressum - SPRINGMANN","og_description":"Betreiber dieser Website: Agentur 46 GmbH Inhaber und gesch\u00e4ftsf\u00fchrender Gesellschafter: Henrik Springmann Firmensitz: Frankfurter Allee 16, 10247 Berlin, Deutschland Kontakt: info@agentur46.com USt ID\u00a0DE 297408885 Amtsgericht Berlin Charlottenburg HRB 251858 B Inhaltlich Verantwortlicher gem\u00e4\u00df \u00a7 5 Telemediengesetz:\u00a0 Agentur46 GmbH, Henrik Springmann (Inhaber) Die auf dieser Website abgebildeten Kunstwerke, Photographien, Texte, Graphiken, Sounds, Animationen und Videos unterliegen [&hellip;]","og_url":"https:\/\/galeriespringmann.de\/de\/impressum\/","og_site_name":"SPRINGMANN","article_modified_time":"2023-04-26T12:00:04+00:00","twitter_card":"summary_large_image","twitter_misc":{"Gesch\u00e4tzte Lesezeit":"1\u00a0Minute"},"schema":{"@context":"https:\/\/schema.org","@graph":[{"@type":"WebPage","@id":"https:\/\/galeriespringmann.de\/de\/impressum\/","url":"https:\/\/galeriespringmann.de\/de\/impressum\/","name":"Impressum - SPRINGMANN","isPartOf":{"@id":"https:\/\/galeriespringmann.de\/de\/#website"},"datePublished":"2018-05-24T19:20:15+00:00","dateModified":"2023-04-26T12:00:04+00:00","breadcrumb":{"@id":"https:\/\/galeriespringmann.de\/de\/impressum\/#breadcrumb"},"inLanguage":"de","potentialAction":[{"@type":"ReadAction","target":["https:\/\/galeriespringmann.de\/de\/impressum\/"]}]},{"@type":"BreadcrumbList","@id":"https:\/\/galeriespringmann.de\/de\/impressum\/#breadcrumb","itemListElement":[{"@type":"ListItem","position":1,"name":"Startseite","item":"https:\/\/galeriespringmann.de\/de\/"},{"@type":"ListItem","position":2,"name":"Impressum"}]},{"@type":"WebSite","@id":"https:\/\/galeriespringmann.de\/de\/#website","url":"https:\/\/galeriespringmann.de\/de\/","name":"SPRINGMANN","description":"contemporary art pop culture","potentialAction":[{"@type":"SearchAction","target":{"@type":"EntryPoint","urlTemplate":"https:\/\/galeriespringmann.de\/de\/?s={search_term_string}"},"query-input":{"@type":"PropertyValueSpecification","valueRequired":true,"valueName":"search_term_string"}}],"inLanguage":"de"}]}},"_links":{"self":[{"href":"https:\/\/galeriespringmann.de\/de\/wp-json\/wp\/v2\/pages\/2948","targetHints":{"allow":["GET"]}}],"collection":[{"href":"https:\/\/galeriespringmann.de\/de\/wp-json\/wp\/v2\/pages"}],"about":[{"href":"https:\/\/galeriespringmann.de\/de\/wp-json\/wp\/v2\/types\/page"}],"author":[{"embeddable":true,"href":"https:\/\/galeriespringmann.de\/de\/wp-json\/wp\/v2\/users\/1"}],"replies":[{"embeddable":true,"href":"https:\/\/galeriespringmann.de\/de\/wp-json\/wp\/v2\/comments?post=2948"}],"version-history":[{"count":10,"href":"https:\/\/galeriespringmann.de\/de\/wp-json\/wp\/v2\/pages\/2948\/revisions"}],"predecessor-version":[{"id":4612,"href":"https:\/\/galeriespringmann.de\/de\/wp-json\/wp\/v2\/pages\/2948\/revisions\/4612"}],"wp:attachment":[{"href":"https:\/\/galeriespringmann.de\/de\/wp-json\/wp\/v2\/media?parent=2948"}],"curies":[{"name":"wp","href":"https:\/\/api.w.org\/{rel}","templated":true}]}}