{"id":3091,"date":"2018-11-26T15:03:58","date_gmt":"2018-11-26T14:03:58","guid":{"rendered":"https:\/\/dev.galeriespringmann.de\/?page_id=3091"},"modified":"2020-09-16T11:58:53","modified_gmt":"2020-09-16T09:58:53","slug":"ueber-uns","status":"publish","type":"page","link":"https:\/\/galeriespringmann.de\/de\/ueber-uns\/","title":{"rendered":"\u00dcber uns"},"content":{"rendered":"<p>&nbsp;<\/p>\n<p style=\"text-align: center;\">Uns treibt die Idee von lebendigen Orten f\u00fcr Menschen, Kunst und Kultur, an denen die Genre ineinander flie\u00dfen und vielf\u00e4ltige Disziplinen einander bereichern.<\/p>\n<p style=\"text-align: center;\">Unsere Basis sind 50 Jahre Galeriearbeit.<\/p>\n<p style=\"text-align: center;\">Unsere Gegenwart ist Kreativit\u00e4t jenseits aller Konventionen.<\/p>\n<p style=\"text-align: center;\">Unsere Zukunft ist die Galerie des 21. Jahrhunderts:<\/p>\n<p style=\"text-align: center;\">Orte und Objekte sind lebendig, wenn Menschen sie beleben.<\/p>\n<p style=\"text-align: center;\">Willkommen.<\/p>\n<p>&nbsp;<\/p>\n<p><img loading=\"lazy\" decoding=\"async\" class=\"alignnone size-full wp-image-4261\" src=\"https:\/\/galeriespringmann.de\/wp-content\/uploads\/2020\/09\/IMG_1437.jpg\" alt=\"\" width=\"2352\" height=\"1568\" srcset=\"https:\/\/galeriespringmann.de\/wp-content\/uploads\/2020\/09\/IMG_1437.jpg 2352w, https:\/\/galeriespringmann.de\/wp-content\/uploads\/2020\/09\/IMG_1437-300x200.jpg 300w, https:\/\/galeriespringmann.de\/wp-content\/uploads\/2020\/09\/IMG_1437-1024x683.jpg 1024w, https:\/\/galeriespringmann.de\/wp-content\/uploads\/2020\/09\/IMG_1437-768x512.jpg 768w, https:\/\/galeriespringmann.de\/wp-content\/uploads\/2020\/09\/IMG_1437-1536x1024.jpg 1536w, https:\/\/galeriespringmann.de\/wp-content\/uploads\/2020\/09\/IMG_1437-2048x1365.jpg 2048w, https:\/\/galeriespringmann.de\/wp-content\/uploads\/2020\/09\/IMG_1437-272x182.jpg 272w\" sizes=\"auto, (max-width: 2352px) 100vw, 2352px\" \/><\/p>\n<p>&nbsp;<\/p>\n<p style=\"text-align: center;\">We choose to embrace the idea of being genre-fluid.<\/p>\n<p style=\"text-align: center;\">We offer multi-disciplinary physical spaces for art, culture and humans.<\/p>\n<p style=\"text-align: center;\">Founded in the 70s.<\/p>\n<p style=\"text-align: center;\">Celebrating creativity beyond boundaries.<\/p>\n<p style=\"text-align: center;\">Lifting off to the future, a 21st century gallery.<\/p>\n<p style=\"text-align: center;\">Humans breathe new life into places, spaces and objects.<\/p>\n<p style=\"text-align: center;\">Welcome.<\/p>\n","protected":false},"excerpt":{"rendered":"<p>&nbsp; Uns treibt die Idee von lebendigen Orten f\u00fcr Menschen, Kunst und Kultur, an denen die Genre ineinander flie\u00dfen und vielf\u00e4ltige Disziplinen einander bereichern. Unsere Basis sind 50 Jahre Galeriearbeit. Unsere Gegenwart ist Kreativit\u00e4t jenseits aller Konventionen. Unsere Zukunft ist die Galerie des 21. Jahrhunderts: Orte und Objekte sind lebendig, wenn Menschen sie beleben. Willkommen. [&hellip;]<\/p>\n","protected":false},"author":4,"featured_media":2965,"parent":0,"menu_order":29,"comment_status":"closed","ping_status":"closed","template":"","meta":{"_acf_changed":false,"inline_featured_image":false,"footnotes":""},"class_list":["post-3091","page","type-page","status-publish","has-post-thumbnail","hentry"],"acf":[],"yoast_head":"<!-- This site is optimized with the Yoast SEO plugin v27.3 - https:\/\/yoast.com\/product\/yoast-seo-wordpress\/ -->\n<title>\u00dcber uns - SPRINGMANN<\/title>\n<meta name=\"robots\" content=\"index, follow, max-snippet:-1, max-image-preview:large, max-video-preview:-1\" \/>\n<link rel=\"canonical\" href=\"https:\/\/galeriespringmann.de\/de\/ueber-uns\/\" \/>\n<meta property=\"og:locale\" content=\"de_DE\" \/>\n<meta property=\"og:type\" content=\"article\" \/>\n<meta property=\"og:title\" content=\"\u00dcber uns - SPRINGMANN\" \/>\n<meta property=\"og:description\" content=\"&nbsp; Uns treibt die Idee von lebendigen Orten f\u00fcr Menschen, Kunst und Kultur, an denen die Genre ineinander flie\u00dfen und vielf\u00e4ltige Disziplinen einander bereichern. Unsere Basis sind 50 Jahre Galeriearbeit. Unsere Gegenwart ist Kreativit\u00e4t jenseits aller Konventionen. Unsere Zukunft ist die Galerie des 21. Jahrhunderts: Orte und Objekte sind lebendig, wenn Menschen sie beleben. Willkommen. [&hellip;]\" \/>\n<meta property=\"og:url\" content=\"https:\/\/galeriespringmann.de\/de\/ueber-uns\/\" \/>\n<meta property=\"og:site_name\" content=\"SPRINGMANN\" \/>\n<meta property=\"article:modified_time\" content=\"2020-09-16T09:58:53+00:00\" \/>\n<meta property=\"og:image\" content=\"https:\/\/galeriespringmann.de\/wp-content\/uploads\/2018\/05\/springmann-metal-01_c_k.jpg\" \/>\n\t<meta property=\"og:image:width\" content=\"1280\" \/>\n\t<meta property=\"og:image:height\" content=\"720\" \/>\n\t<meta property=\"og:image:type\" content=\"image\/jpeg\" \/>\n<meta name=\"twitter:card\" content=\"summary_large_image\" \/>\n<meta name=\"twitter:label1\" content=\"Gesch\u00e4tzte Lesezeit\" \/>\n\t<meta name=\"twitter:data1\" content=\"1\u00a0Minute\" \/>\n<script type=\"application\/ld+json\" class=\"yoast-schema-graph\">{\"@context\":\"https:\\\/\\\/schema.org\",\"@graph\":[{\"@type\":\"WebPage\",\"@id\":\"https:\\\/\\\/galeriespringmann.de\\\/de\\\/ueber-uns\\\/\",\"url\":\"https:\\\/\\\/galeriespringmann.de\\\/de\\\/ueber-uns\\\/\",\"name\":\"\u00dcber uns - SPRINGMANN\",\"isPartOf\":{\"@id\":\"https:\\\/\\\/galeriespringmann.de\\\/de\\\/#website\"},\"primaryImageOfPage\":{\"@id\":\"https:\\\/\\\/galeriespringmann.de\\\/de\\\/ueber-uns\\\/#primaryimage\"},\"image\":{\"@id\":\"https:\\\/\\\/galeriespringmann.de\\\/de\\\/ueber-uns\\\/#primaryimage\"},\"thumbnailUrl\":\"https:\\\/\\\/galeriespringmann.de\\\/wp-content\\\/uploads\\\/2018\\\/05\\\/springmann-metal-01_c_k.jpg\",\"datePublished\":\"2018-11-26T14:03:58+00:00\",\"dateModified\":\"2020-09-16T09:58:53+00:00\",\"breadcrumb\":{\"@id\":\"https:\\\/\\\/galeriespringmann.de\\\/de\\\/ueber-uns\\\/#breadcrumb\"},\"inLanguage\":\"de\",\"potentialAction\":[{\"@type\":\"ReadAction\",\"target\":[\"https:\\\/\\\/galeriespringmann.de\\\/de\\\/ueber-uns\\\/\"]}]},{\"@type\":\"ImageObject\",\"inLanguage\":\"de\",\"@id\":\"https:\\\/\\\/galeriespringmann.de\\\/de\\\/ueber-uns\\\/#primaryimage\",\"url\":\"https:\\\/\\\/galeriespringmann.de\\\/wp-content\\\/uploads\\\/2018\\\/05\\\/springmann-metal-01_c_k.jpg\",\"contentUrl\":\"https:\\\/\\\/galeriespringmann.de\\\/wp-content\\\/uploads\\\/2018\\\/05\\\/springmann-metal-01_c_k.jpg\",\"width\":1280,\"height\":720,\"caption\":\"Galerie Springmann\"},{\"@type\":\"BreadcrumbList\",\"@id\":\"https:\\\/\\\/galeriespringmann.de\\\/de\\\/ueber-uns\\\/#breadcrumb\",\"itemListElement\":[{\"@type\":\"ListItem\",\"position\":1,\"name\":\"Startseite\",\"item\":\"https:\\\/\\\/galeriespringmann.de\\\/de\\\/\"},{\"@type\":\"ListItem\",\"position\":2,\"name\":\"\u00dcber uns\"}]},{\"@type\":\"WebSite\",\"@id\":\"https:\\\/\\\/galeriespringmann.de\\\/de\\\/#website\",\"url\":\"https:\\\/\\\/galeriespringmann.de\\\/de\\\/\",\"name\":\"SPRINGMANN\",\"description\":\"contemporary art pop culture\",\"potentialAction\":[{\"@type\":\"SearchAction\",\"target\":{\"@type\":\"EntryPoint\",\"urlTemplate\":\"https:\\\/\\\/galeriespringmann.de\\\/de\\\/?s={search_term_string}\"},\"query-input\":{\"@type\":\"PropertyValueSpecification\",\"valueRequired\":true,\"valueName\":\"search_term_string\"}}],\"inLanguage\":\"de\"}]}<\/script>\n<!-- \/ Yoast SEO plugin. -->","yoast_head_json":{"title":"\u00dcber uns - SPRINGMANN","robots":{"index":"index","follow":"follow","max-snippet":"max-snippet:-1","max-image-preview":"max-image-preview:large","max-video-preview":"max-video-preview:-1"},"canonical":"https:\/\/galeriespringmann.de\/de\/ueber-uns\/","og_locale":"de_DE","og_type":"article","og_title":"\u00dcber uns - SPRINGMANN","og_description":"&nbsp; Uns treibt die Idee von lebendigen Orten f\u00fcr Menschen, Kunst und Kultur, an denen die Genre ineinander flie\u00dfen und vielf\u00e4ltige Disziplinen einander bereichern. Unsere Basis sind 50 Jahre Galeriearbeit. Unsere Gegenwart ist Kreativit\u00e4t jenseits aller Konventionen. Unsere Zukunft ist die Galerie des 21. Jahrhunderts: Orte und Objekte sind lebendig, wenn Menschen sie beleben. Willkommen. [&hellip;]","og_url":"https:\/\/galeriespringmann.de\/de\/ueber-uns\/","og_site_name":"SPRINGMANN","article_modified_time":"2020-09-16T09:58:53+00:00","og_image":[{"width":1280,"height":720,"url":"https:\/\/galeriespringmann.de\/wp-content\/uploads\/2018\/05\/springmann-metal-01_c_k.jpg","type":"image\/jpeg"}],"twitter_card":"summary_large_image","twitter_misc":{"Gesch\u00e4tzte Lesezeit":"1\u00a0Minute"},"schema":{"@context":"https:\/\/schema.org","@graph":[{"@type":"WebPage","@id":"https:\/\/galeriespringmann.de\/de\/ueber-uns\/","url":"https:\/\/galeriespringmann.de\/de\/ueber-uns\/","name":"\u00dcber uns - SPRINGMANN","isPartOf":{"@id":"https:\/\/galeriespringmann.de\/de\/#website"},"primaryImageOfPage":{"@id":"https:\/\/galeriespringmann.de\/de\/ueber-uns\/#primaryimage"},"image":{"@id":"https:\/\/galeriespringmann.de\/de\/ueber-uns\/#primaryimage"},"thumbnailUrl":"https:\/\/galeriespringmann.de\/wp-content\/uploads\/2018\/05\/springmann-metal-01_c_k.jpg","datePublished":"2018-11-26T14:03:58+00:00","dateModified":"2020-09-16T09:58:53+00:00","breadcrumb":{"@id":"https:\/\/galeriespringmann.de\/de\/ueber-uns\/#breadcrumb"},"inLanguage":"de","potentialAction":[{"@type":"ReadAction","target":["https:\/\/galeriespringmann.de\/de\/ueber-uns\/"]}]},{"@type":"ImageObject","inLanguage":"de","@id":"https:\/\/galeriespringmann.de\/de\/ueber-uns\/#primaryimage","url":"https:\/\/galeriespringmann.de\/wp-content\/uploads\/2018\/05\/springmann-metal-01_c_k.jpg","contentUrl":"https:\/\/galeriespringmann.de\/wp-content\/uploads\/2018\/05\/springmann-metal-01_c_k.jpg","width":1280,"height":720,"caption":"Galerie Springmann"},{"@type":"BreadcrumbList","@id":"https:\/\/galeriespringmann.de\/de\/ueber-uns\/#breadcrumb","itemListElement":[{"@type":"ListItem","position":1,"name":"Startseite","item":"https:\/\/galeriespringmann.de\/de\/"},{"@type":"ListItem","position":2,"name":"\u00dcber uns"}]},{"@type":"WebSite","@id":"https:\/\/galeriespringmann.de\/de\/#website","url":"https:\/\/galeriespringmann.de\/de\/","name":"SPRINGMANN","description":"contemporary art pop culture","potentialAction":[{"@type":"SearchAction","target":{"@type":"EntryPoint","urlTemplate":"https:\/\/galeriespringmann.de\/de\/?s={search_term_string}"},"query-input":{"@type":"PropertyValueSpecification","valueRequired":true,"valueName":"search_term_string"}}],"inLanguage":"de"}]}},"_links":{"self":[{"href":"https:\/\/galeriespringmann.de\/de\/wp-json\/wp\/v2\/pages\/3091","targetHints":{"allow":["GET"]}}],"collection":[{"href":"https:\/\/galeriespringmann.de\/de\/wp-json\/wp\/v2\/pages"}],"about":[{"href":"https:\/\/galeriespringmann.de\/de\/wp-json\/wp\/v2\/types\/page"}],"author":[{"embeddable":true,"href":"https:\/\/galeriespringmann.de\/de\/wp-json\/wp\/v2\/users\/4"}],"replies":[{"embeddable":true,"href":"https:\/\/galeriespringmann.de\/de\/wp-json\/wp\/v2\/comments?post=3091"}],"version-history":[{"count":10,"href":"https:\/\/galeriespringmann.de\/de\/wp-json\/wp\/v2\/pages\/3091\/revisions"}],"predecessor-version":[{"id":4490,"href":"https:\/\/galeriespringmann.de\/de\/wp-json\/wp\/v2\/pages\/3091\/revisions\/4490"}],"wp:featuredmedia":[{"embeddable":true,"href":"https:\/\/galeriespringmann.de\/de\/wp-json\/wp\/v2\/media\/2965"}],"wp:attachment":[{"href":"https:\/\/galeriespringmann.de\/de\/wp-json\/wp\/v2\/media?parent=3091"}],"curies":[{"name":"wp","href":"https:\/\/api.w.org\/{rel}","templated":true}]}}