{"id":4482,"date":"2020-09-15T14:47:29","date_gmt":"2020-09-15T12:47:29","guid":{"rendered":"https:\/\/dev.galeriespringmann.de\/?page_id=4482"},"modified":"2021-01-08T13:01:48","modified_gmt":"2021-01-08T12:01:48","slug":"agb","status":"publish","type":"page","link":"https:\/\/galeriespringmann.de\/de\/agb\/","title":{"rendered":"Allgemeine Gesch\u00e4ftsbedingungen"},"content":{"rendered":"<p><strong>Allgemeine Gesch\u00e4ftsbedingungen der Galerie Springmann sowie der Agentur46 GmbH, im Folgenden &#8222;Galerie&#8220;<\/strong><\/p>\n<p><strong>Stand Januar 2021<\/strong><\/p>\n<p>1. Geltungsbereich<\/p>\n<p>(1.1) Diese Allgemeinen Gesch\u00e4ftsbedingungen sind f\u00fcr den gesamten Gesch\u00e4ftsverkehr der Galerie verbindlich. Entgegenstehende Einkaufsbedingungen gelten nicht.<\/p>\n<p>(1.2) Diese AGB unterscheiden im Folgenden zwischen Verbrauchern und Unternehmern. Hierf\u00fcr gelten die gesetzlichen Definitionen in \u00a7\u00a7 13, 14 BGB. Danach ist jede nat\u00fcrliche Person Verbraucher, die ein Rechtsgesch\u00e4ft zu Zwecken abschlie\u00dft, das \u00fcberwiegend weder ihrer gewerblichen noch ihrer selbstst\u00e4ndigen beruflichen T\u00e4tigkeit zuzurechnen ist. Unternehmer ist eine nat\u00fcrliche oder juristische Person oder eine rechtsf\u00e4hige Personengesellschaft, die bei Abschluss eines Rechtsgesch\u00e4fts in Aus\u00fcbung ihrer gewerblichen oder selbstst\u00e4ndigen beruflichen T\u00e4tigkeit handelt.<\/p>\n<p>2. Kaufpreise<\/p>\n<p>Die Kaufpreise sind in Euro angegeben. Sie enthalten die jeweils geltende Umsatzsteuer. F\u00fcr Kunstwerke des 20. Jahrhunderts leistet die Galerie zur Abgeltung des gesetzlichen Folgerechts (\u00a7 26 UrhG) sowie der K\u00fcnstlersozialversicherung Abgaben, die wie die Beschaffungskosten ebenfalls im Kaufpreis enthalten sind.<\/p>\n<p>3. Umsatzsteuererstattung<\/p>\n<p>(3.1) Drittstaaten au\u00dferhalb der EU: Nach Ma\u00dfgabe der gesetzlichen Vorschriften sind Ausfuhrlieferungen in Drittstaaten au\u00dferhalb des EU-Binnenmarktes von der Umsatzsteuer befreit. Nimmt ein K\u00e4ufer den Kaufgegenstand selbst in das Ausland mit, so hat er Sicherheit in H\u00f6he der Umsatzsteuer zu leisten, die ihm erstattet wird, sobald er den Ausfuhr- \/Abnehmernachweis der Galerie vorlegt.<\/p>\n<p>(3.2) EU-Binnenmarkt: Ist der K\u00e4ufer ein Unternehmer im umsatzsteuerrechtlichen Sinne, der berechtigterweise seine vom Ans\u00e4ssigkeitsstaat in der EU erteilte USt-ID-Nummer verwendet, bleibt die Lieferung in Deutschland umsatzsteuerfrei, soweit beim K\u00e4ufer in seinem Staat die Lieferung unter die Erwerbsbesteuerung f\u00e4llt. Der K\u00e4ufer hat jedoch Sicherheit in H\u00f6he der Umsatzsteuer zu leisten, die ihm erstattet wird, sobald die USt-ID-Nummer richtig bei der Galerie eingeht. Stellt sich nachtr\u00e4glich die USt- ID-Nummer als falsch heraus, so ist die Galerie berechtigt, vom Kaufvertrag zur\u00fcckzutreten.<\/p>\n<p>4. Zahlungsbedingungen<\/p>\n<p>Der Kaufpreis ist mit Rechnungsstellung ohne Abz\u00fcge f\u00e4llig. Bei unbaren Zahlungen (Scheck, Bank\u00fcberweisung, etc.) tr\u00e4gt der K\u00e4ufer die Kosten der Scheck- etc. -Einl\u00f6sung.<\/p>\n<p>5. Herausgabe und Eigentumsvorbehalt<\/p>\n<p>(5.1) Der K\u00e4ufer kann die \u00dcbergabe des Kaufgegenstandes nur gegen vollst\u00e4ndige Bezahlung des Kaufpreises verlangen.<\/p>\n<p>(5.2) Die \u00dcbertragung des Eigentums am verkauften Gegenstand erfolgt unter der aufschiebenden Bedingung der vollst\u00e4ndigen Zahlung des Kaufpreises. Die Galerie ist zum R\u00fccktritt vom Vertrag berechtigt, wenn der K\u00e4ufer mit der Zahlung des Kaufpreises in Verzug kommt. Sofern der Kaufgegenstand dem K\u00e4ufer entgegen der in Ziffer 5.1 vorgesehenen Regelung bereits vor vollst\u00e4ndiger Zahlung des Kaufpreises \u00fcbergeben wird, ist der K\u00e4ufer verpflichtet, den Kaufgegenstand bis zum Eigentums\u00fcbergang sorgf\u00e4ltig und pfleglich zu behandeln und vor Besch\u00e4digungen oder Abhandenkommen zu sch\u00fctzen.<\/p>\n<p>6. Aufrechnung und Zur\u00fcckbehaltung<\/p>\n<p>Der K\u00e4ufer kann gegen\u00fcber der Galerie nur mit unbestrittenen oder rechtskr\u00e4ftig festgestellten Forderungen aufrechnen. Zur\u00fcckbehaltungsrechte des K\u00e4ufers sind ausgeschlossen, soweit sie nicht auf demselben Vertragsverh\u00e4ltnis beruhen.<\/p>\n<p>7. Verzug<\/p>\n<p>(7.1) Schuldnerverzug: Im Falle des Verzugs des K\u00e4ufers mit der Kaufpreiszahlung betr\u00e4gt der Verzugszinssatz f\u00fcr das Jahr f\u00fcnf Prozentpunkte \u00fcber dem Basiszinssatz bzw. neun Prozentpunkte \u00fcber dem Basiszinssatz, sofern der K\u00e4ufer Unternehmer ist. . Die Galerie kann einen weitergehenden Schaden geltend machen. Die Galerie ist mit Verzugseintritt berechtigt, s\u00e4mtliche noch ausstehenden Raten sofort f\u00e4llig zu stellen.<\/p>\n<p>(7.2) Annahmeverzug: Der K\u00e4ufer kommt in Verzug, wenn er den Kaufgegenstand innerhalb der vertraglich vereinbarten Frist oder innerhalb von 30 Tagen nach einem Leistungsangebot der Galerie nicht abholt. Nach Eintritt des Verzuges ist die Galerie berechtigt, den Kaufgegenstand auf Gefahr und Kosten des K\u00e4ufers zu versichern und zu lagern (\u00a7 304 BGB).<\/p>\n<p>(7.3) Nachfrist: Kommt der K\u00e4ufer in Schuldner- oder Annahmeverzug, ist die Galerie berechtigt, vom Kaufvertrag unter angemessener Nachfristsetzung zur\u00fcckzutreten. In diesem Fall kann die Galerie neben den gesetzlichen Rechten ihren Schadensersatz auch in der Weise berechnen, dass der K\u00e4ufer bei einem erneuten Verkauf der Kaufsache den Mindererl\u00f6s auszugleichen hat. Auf einen etwaigen Mehrerl\u00f6s hat der K\u00e4ufer keinen Anspruch.<\/p>\n<p>8. Versendung des Kaufgegenstandes<\/p>\n<p>(8.1) Eine Versendung des Kaufgegenstandes erfolgt nur auf schriftliche Anweisung des K\u00e4ufers. Die Galerie kann nach eigenem sorgf\u00e4ltigem Ermessen Versandart und Versandmittel bestimmen und \u00fcbernimmt keine Verpflichtung zum schnellsten oder billigsten Versand. Betr\u00e4gt der Wert des Kaufgegenstandes mehr als 150 \u20ac, so versichert die Galerie die Sendung.<\/p>\n<p>(8.2) Ist der K\u00e4ufer Verbraucher, tr\u00e4gt die Galerie die Gefahr der Besch\u00e4digung oder des Verlustes des Kaufgegenstandes w\u00e4hrend der Versendung und die Kosten des Versandes und einer etwaigen Versicherung.<\/p>\n<p>(8.3) Ist der K\u00e4ufer Unternehmer, tr\u00e4gt er die Gefahr der Besch\u00e4digung oder des Verlustes des Kaufgegenstandes w\u00e4hrend der Versendung und die die Kosten des Versandes und der Versicherung, unabh\u00e4ngig vom Wert des Kaufgegenstandes. F\u00fcr Kaufgegenst\u00e4nde im Wert unter EUR 150,- erfolgt die Versicherung nur auf gesonderte Anweisung des K\u00e4ufers.<\/p>\n<p>9. R\u00fccksendungen R\u00fccksendungen an die Galerie erfolgen auf Kosten und Gefahren des Absenders. Bei R\u00fccksendung des Kaufgegenstandes zum Zwecke der Nacherf\u00fcllung tr\u00e4gt die Galerie die Kosten der R\u00fccksendung (\u00a7 439 Abs. 2 BGB), es sei denn, es handelt sich um den Kauf eines nicht neu hergestellten Werks und der Kunde ist Unternehmer. Unberechtigte R\u00fccksendungen werden nicht angenommen. F\u00fcr die darauf folgende R\u00fccksendung tr\u00e4gt der Absender Kosten und Gefahr.<\/p>\n<p>10. Gew\u00e4hrleistung, Haftung, Verj\u00e4hrung<\/p>\n<p>(10.1) Angaben zum Kunstgegenstand: Werkbeschreibungen in Katalogen, Prospekten etc. beinhalten keine Garantie der Galerie f\u00fcr die Beschaffenheit des Kaufgegenstandes. Sofern der Kunde Unternehmer ist und es sich bei dem Kaufgegenstand nicht um ein neu hergestelltes Werk handelt, \u00fcbernimmt die Galerie keine Haftung f\u00fcr die Vollst\u00e4ndigkeit und Richtigkeit der in den Katalogen, Prospekten etc. enthaltenen Angaben zum Kunstgegenstand, soweit der Galerie die Unrichtigkeit oder Unvollst\u00e4ndigkeit nicht bekannt sein musste.<\/p>\n<p>(10.2) Begrenzter Gew\u00e4hrleistungsausschluss: Ist der Kunde Unternehmer und ist das Werk neu hergestellt, beschr\u00e4nkt sich die Gew\u00e4hrleistung der Galerie auf die Nacherf\u00fcllung (\u00a7\u00a7 437 Nr. 1, 439 BGB). Sollte die Nacherf\u00fcllung fehlschlagen, ist der Kunde zur Minderung des Kaufpreises (\u00a7\u00a7 437 Nr. 2, 441 BGB) berechtigt. Ist der Kunde Unternehmer und ist das Werk nicht neu hergestellt, sind s\u00e4mtliche M\u00e4ngelgew\u00e4hrleistungsanspr\u00fcche ausgeschlossen. Dies gilt auch f\u00fcr F\u00e4lschungen, soweit der Galerie die mangelnde Echtheit des Werks nicht h\u00e4tte bekannt sein m\u00fcssen. Der K\u00e4ufer hat vor dem Verkauf die Gelegenheit, sich pers\u00f6nlich und gegebenenfalls durch sachkundige Hilfe vom vertragsgem\u00e4\u00dfen Zustand und der Echtheit des Kaufgegenstandes zu \u00fcberzeugen. Ist der Kunde Verbraucher, stehen ihm die gesetzlichen Gew\u00e4hrleistungsrechte ohne Einschr\u00e4nkungen zu.<\/p>\n<p>(10.3) Haftung: F\u00fcr s\u00e4mtliche Sch\u00e4den, die von der Galerie oder deren gesetzlichen Vertretern oder Erf\u00fcllungsgehilfen vors\u00e4tzlich oder grob fahrl\u00e4ssig herbeigef\u00fchrt werden, haftet die Galerie unbegrenzt. F\u00fcr Sch\u00e4den aus der Verletzung des K\u00f6rpers, Lebens oder der Gesundheit, die auf einer fahrl\u00e4ssigen oder vors\u00e4tzlichen Pflichtverletzung der Galerie, deren gesetzlichen Vertretern oder Erf\u00fcllungsgehilfen beruhen, haftet die Galerie unabh\u00e4ngig vom Verschuldensgrad ebenfalls unbegrenzt. Die Galerie haftet f\u00fcr Sch\u00e4den, die von der Galerie, ihren gesetzlichen Vertretern oder Erf\u00fcllungsgehilfen aufgrund von leichter Fahrl\u00e4ssigkeit herbeigef\u00fchrt werden, nur, wenn die Galerie, ihre Organe oder ihre Erf\u00fcllungsgehilfen eine vertragswesentliche Pflicht (Verpflichtungen, deren Erf\u00fcllung die ordnungsgem\u00e4\u00dfe Durchf\u00fchrung des Vertrages \u00fcberhaupt erst m\u00f6glich machen und auf deren Einhaltung der Vertragspartner regelm\u00e4\u00dfig vertraut und vertrauen darf) verletzen. In diesem Fall ist die Haftung der Galerie auf den vertragstypischen vorhersehbaren Schaden beschr\u00e4nkt. Im \u00dcbrigen ist die Haftung der Galerie ausgeschlossen.<\/p>\n<p>(10.4) Verj\u00e4hrung: Ist der Kunde Unternehmer und ist das Werk neu hergestellt, verj\u00e4hren Anspr\u00fcche aufgrund Sach- und Rechtsm\u00e4ngeln abweichend von den gesetzlichen Regeln in einem Jahr. Ist der Kunde Verbraucher und ist das Werk neu hergestellt, verj\u00e4hren Anspr\u00fcche aufgrund Sach- und Rechtsm\u00e4ngeln auf Nacherf\u00fcllung und R\u00fccktritt oder Minderung (\u00a7 437 Nr. 1 und Nr. 2 BGB) in zwei Jahren. Schadenersatzanspr\u00fcche aufgrund Sach- und Rechtsm\u00e4ngeln (\u00a7 437 Nr. 3 BGB) verj\u00e4hren in einem Jahr. Ist der Kunde Verbraucher und ist das Werk nicht neu hergestellt, verj\u00e4hren Anspr\u00fcche aufgrund Sach- und Rechtsm\u00e4ngeln auf Nacherf\u00fcllung und R\u00fccktritt oder Minderung (\u00a7 437 Nr. 1 und Nr. 2 BGB) in einem Jahr. F\u00fcr s\u00e4mtliche vorstehenden Regelungen dieser Ziffer 10.4 gilt: Beruht die Haftung auf Vorsatz, grober Fahrl\u00e4ssigkeit, der Verletzung des K\u00f6rpers, Lebens oder der Gesundheit oder der Verletzung einer vertragswesentlichen Pflicht (siehe Ziffer 10.3) gelten ausschlie\u00dflich die gesetzlichen Verj\u00e4hrungsfristen. Ma\u00dfgeblicher Verj\u00e4hrungsbeginn bei Gew\u00e4hrleistungsrechten ist die \u00dcbergabe des Kaufgegenstandes.<\/p>\n<p>11. Anwendbares Recht F\u00fcr die Rechtsbeziehungen zwischen der Galerie und dem K\u00e4ufer gilt ausschlie\u00dflich das Recht der Bundesrepublik Deutschland. Die Regelungen aus dem \u00dcbereinkommen der Vereinten Nationen \u00fcber Vertr\u00e4ge \u00fcber den internationalen Warenkauf (\u201eCISG\u201c) finden keine Anwendung.<\/p>\n<p>12. Schlussbestimmungen<\/p>\n<p>(12.1) F\u00fcr die Auslegung dieser Gesch\u00e4ftsbedingungen ist die deutsche Fassung ma\u00dfgebend.<\/p>\n<p>(12.2) Erf\u00fcllungsort und Gerichtsstand f\u00fcr Kaufleute, juristische Personen des \u00f6ffentlichen Rechts und \u00f6ffentlich-rechtliche Sonderverm\u00f6gen ist der Sitz der Galerie. Gleiches gilt, wenn der Kunde keinen allgemeinen Gerichtsstand im Inland hat. Sollten eine oder mehrere Bestimmungen dieser Vertragsbedingungen unwirksam sein oder werden, bleibt die Wirksamkeit der \u00fcbrigen Bestimmungen davon unber\u00fchrt<\/p>\n","protected":false},"excerpt":{"rendered":"<p>Allgemeine Gesch\u00e4ftsbedingungen der Galerie Springmann sowie der Agentur46 GmbH, im Folgenden &#8222;Galerie&#8220; Stand Januar 2021 1. Geltungsbereich (1.1) Diese Allgemeinen Gesch\u00e4ftsbedingungen sind f\u00fcr den gesamten Gesch\u00e4ftsverkehr der Galerie verbindlich. Entgegenstehende Einkaufsbedingungen gelten nicht. (1.2) Diese AGB unterscheiden im Folgenden zwischen Verbrauchern und Unternehmern. Hierf\u00fcr gelten die gesetzlichen Definitionen in \u00a7\u00a7 13, 14 BGB. Danach ist [&hellip;]<\/p>\n","protected":false},"author":4,"featured_media":0,"parent":0,"menu_order":0,"comment_status":"closed","ping_status":"closed","template":"","meta":{"_acf_changed":false,"inline_featured_image":false,"footnotes":""},"class_list":["post-4482","page","type-page","status-publish","hentry"],"acf":[],"yoast_head":"<!-- This site is optimized with the Yoast SEO plugin v27.5 - https:\/\/yoast.com\/product\/yoast-seo-wordpress\/ -->\n<title>Allgemeine Gesch\u00e4ftsbedingungen - SPRINGMANN<\/title>\n<meta name=\"robots\" content=\"index, follow, max-snippet:-1, max-image-preview:large, max-video-preview:-1\" \/>\n<link rel=\"canonical\" href=\"https:\/\/galeriespringmann.de\/de\/agb\/\" \/>\n<meta property=\"og:locale\" content=\"de_DE\" \/>\n<meta property=\"og:type\" content=\"article\" \/>\n<meta property=\"og:title\" content=\"Allgemeine Gesch\u00e4ftsbedingungen - SPRINGMANN\" \/>\n<meta property=\"og:description\" content=\"Allgemeine Gesch\u00e4ftsbedingungen der Galerie Springmann sowie der Agentur46 GmbH, im Folgenden &#8222;Galerie&#8220; Stand Januar 2021 1. Geltungsbereich (1.1) Diese Allgemeinen Gesch\u00e4ftsbedingungen sind f\u00fcr den gesamten Gesch\u00e4ftsverkehr der Galerie verbindlich. Entgegenstehende Einkaufsbedingungen gelten nicht. (1.2) Diese AGB unterscheiden im Folgenden zwischen Verbrauchern und Unternehmern. Hierf\u00fcr gelten die gesetzlichen Definitionen in \u00a7\u00a7 13, 14 BGB. Danach ist [&hellip;]\" \/>\n<meta property=\"og:url\" content=\"https:\/\/galeriespringmann.de\/de\/agb\/\" \/>\n<meta property=\"og:site_name\" content=\"SPRINGMANN\" \/>\n<meta property=\"article:modified_time\" content=\"2021-01-08T12:01:48+00:00\" \/>\n<meta name=\"twitter:card\" content=\"summary_large_image\" \/>\n<meta name=\"twitter:label1\" content=\"Gesch\u00e4tzte Lesezeit\" \/>\n\t<meta name=\"twitter:data1\" content=\"7\u00a0Minuten\" \/>\n<script type=\"application\/ld+json\" class=\"yoast-schema-graph\">{\"@context\":\"https:\\\/\\\/schema.org\",\"@graph\":[{\"@type\":\"WebPage\",\"@id\":\"https:\\\/\\\/galeriespringmann.de\\\/de\\\/agb\\\/\",\"url\":\"https:\\\/\\\/galeriespringmann.de\\\/de\\\/agb\\\/\",\"name\":\"Allgemeine Gesch\u00e4ftsbedingungen - SPRINGMANN\",\"isPartOf\":{\"@id\":\"https:\\\/\\\/galeriespringmann.de\\\/de\\\/#website\"},\"datePublished\":\"2020-09-15T12:47:29+00:00\",\"dateModified\":\"2021-01-08T12:01:48+00:00\",\"breadcrumb\":{\"@id\":\"https:\\\/\\\/galeriespringmann.de\\\/de\\\/agb\\\/#breadcrumb\"},\"inLanguage\":\"de\",\"potentialAction\":[{\"@type\":\"ReadAction\",\"target\":[\"https:\\\/\\\/galeriespringmann.de\\\/de\\\/agb\\\/\"]}]},{\"@type\":\"BreadcrumbList\",\"@id\":\"https:\\\/\\\/galeriespringmann.de\\\/de\\\/agb\\\/#breadcrumb\",\"itemListElement\":[{\"@type\":\"ListItem\",\"position\":1,\"name\":\"Startseite\",\"item\":\"https:\\\/\\\/galeriespringmann.de\\\/de\\\/\"},{\"@type\":\"ListItem\",\"position\":2,\"name\":\"Allgemeine Gesch\u00e4ftsbedingungen\"}]},{\"@type\":\"WebSite\",\"@id\":\"https:\\\/\\\/galeriespringmann.de\\\/de\\\/#website\",\"url\":\"https:\\\/\\\/galeriespringmann.de\\\/de\\\/\",\"name\":\"SPRINGMANN\",\"description\":\"contemporary art pop culture\",\"potentialAction\":[{\"@type\":\"SearchAction\",\"target\":{\"@type\":\"EntryPoint\",\"urlTemplate\":\"https:\\\/\\\/galeriespringmann.de\\\/de\\\/?s={search_term_string}\"},\"query-input\":{\"@type\":\"PropertyValueSpecification\",\"valueRequired\":true,\"valueName\":\"search_term_string\"}}],\"inLanguage\":\"de\"}]}<\/script>\n<!-- \/ Yoast SEO plugin. -->","yoast_head_json":{"title":"Allgemeine Gesch\u00e4ftsbedingungen - SPRINGMANN","robots":{"index":"index","follow":"follow","max-snippet":"max-snippet:-1","max-image-preview":"max-image-preview:large","max-video-preview":"max-video-preview:-1"},"canonical":"https:\/\/galeriespringmann.de\/de\/agb\/","og_locale":"de_DE","og_type":"article","og_title":"Allgemeine Gesch\u00e4ftsbedingungen - SPRINGMANN","og_description":"Allgemeine Gesch\u00e4ftsbedingungen der Galerie Springmann sowie der Agentur46 GmbH, im Folgenden &#8222;Galerie&#8220; Stand Januar 2021 1. Geltungsbereich (1.1) Diese Allgemeinen Gesch\u00e4ftsbedingungen sind f\u00fcr den gesamten Gesch\u00e4ftsverkehr der Galerie verbindlich. Entgegenstehende Einkaufsbedingungen gelten nicht. (1.2) Diese AGB unterscheiden im Folgenden zwischen Verbrauchern und Unternehmern. Hierf\u00fcr gelten die gesetzlichen Definitionen in \u00a7\u00a7 13, 14 BGB. Danach ist [&hellip;]","og_url":"https:\/\/galeriespringmann.de\/de\/agb\/","og_site_name":"SPRINGMANN","article_modified_time":"2021-01-08T12:01:48+00:00","twitter_card":"summary_large_image","twitter_misc":{"Gesch\u00e4tzte Lesezeit":"7\u00a0Minuten"},"schema":{"@context":"https:\/\/schema.org","@graph":[{"@type":"WebPage","@id":"https:\/\/galeriespringmann.de\/de\/agb\/","url":"https:\/\/galeriespringmann.de\/de\/agb\/","name":"Allgemeine Gesch\u00e4ftsbedingungen - SPRINGMANN","isPartOf":{"@id":"https:\/\/galeriespringmann.de\/de\/#website"},"datePublished":"2020-09-15T12:47:29+00:00","dateModified":"2021-01-08T12:01:48+00:00","breadcrumb":{"@id":"https:\/\/galeriespringmann.de\/de\/agb\/#breadcrumb"},"inLanguage":"de","potentialAction":[{"@type":"ReadAction","target":["https:\/\/galeriespringmann.de\/de\/agb\/"]}]},{"@type":"BreadcrumbList","@id":"https:\/\/galeriespringmann.de\/de\/agb\/#breadcrumb","itemListElement":[{"@type":"ListItem","position":1,"name":"Startseite","item":"https:\/\/galeriespringmann.de\/de\/"},{"@type":"ListItem","position":2,"name":"Allgemeine Gesch\u00e4ftsbedingungen"}]},{"@type":"WebSite","@id":"https:\/\/galeriespringmann.de\/de\/#website","url":"https:\/\/galeriespringmann.de\/de\/","name":"SPRINGMANN","description":"contemporary art pop culture","potentialAction":[{"@type":"SearchAction","target":{"@type":"EntryPoint","urlTemplate":"https:\/\/galeriespringmann.de\/de\/?s={search_term_string}"},"query-input":{"@type":"PropertyValueSpecification","valueRequired":true,"valueName":"search_term_string"}}],"inLanguage":"de"}]}},"_links":{"self":[{"href":"https:\/\/galeriespringmann.de\/de\/wp-json\/wp\/v2\/pages\/4482","targetHints":{"allow":["GET"]}}],"collection":[{"href":"https:\/\/galeriespringmann.de\/de\/wp-json\/wp\/v2\/pages"}],"about":[{"href":"https:\/\/galeriespringmann.de\/de\/wp-json\/wp\/v2\/types\/page"}],"author":[{"embeddable":true,"href":"https:\/\/galeriespringmann.de\/de\/wp-json\/wp\/v2\/users\/4"}],"replies":[{"embeddable":true,"href":"https:\/\/galeriespringmann.de\/de\/wp-json\/wp\/v2\/comments?post=4482"}],"version-history":[{"count":6,"href":"https:\/\/galeriespringmann.de\/de\/wp-json\/wp\/v2\/pages\/4482\/revisions"}],"predecessor-version":[{"id":4530,"href":"https:\/\/galeriespringmann.de\/de\/wp-json\/wp\/v2\/pages\/4482\/revisions\/4530"}],"wp:attachment":[{"href":"https:\/\/galeriespringmann.de\/de\/wp-json\/wp\/v2\/media?parent=4482"}],"curies":[{"name":"wp","href":"https:\/\/api.w.org\/{rel}","templated":true}]}}